{"id":10118,"date":"2019-12-16T18:37:42","date_gmt":"2019-12-16T23:37:42","guid":{"rendered":"https:\/\/ecologicamagazine.ec\/sitio\/membership-join\/membership-registration\/"},"modified":"2019-12-17T10:23:01","modified_gmt":"2019-12-17T15:23:01","slug":"membership-registration","status":"publish","type":"page","link":"https:\/\/ecologicamagazine.ec\/sitio\/membership-registration\/","title":{"rendered":"Registro"},"content":{"rendered":"<div class=\"swpm-registration-widget-form\">\n    <form id=\"swpm-registration-form\" class=\"swpm-validate-form\" name=\"swpm-registration-form\" method=\"post\" action=\"\">\n        <input type =\"hidden\" name=\"level_identifier\" value=\"e4da3b7fbbce2345d7772b0674a318d5\" \/>\n        <table>\n            <tr class=\"swpm-registration-username-row\" >\n                <td><label for=\"user_name\">Nombre de usuario<\/label><\/td>\n                <td><input type=\"text\" id=\"user_name\" class=\"validate[required,custom[noapostrophe],custom[SWPMUserName],minSize[4],ajax[ajaxUserCall]]\" value=\"\" size=\"50\" name=\"user_name\" \/><\/td>\n            <\/tr>\n            <tr class=\"swpm-registration-email-row\">\n                <td><label for=\"email\">Correo electr\u00f3nico<\/label><\/td>\n                <td><input type=\"text\" autocomplete=\"off\" id=\"email\" class=\"validate[required,custom[email],ajax[ajaxEmailCall]]\" value=\"\" size=\"50\" name=\"email\" \/><\/td>\n            <\/tr>\n            <tr class=\"swpm-registration-password-row\">\n                <td><label for=\"password\">Contrase\u00f1a<\/label><\/td>\n                <td><input type=\"password\" autocomplete=\"off\" id=\"password\" class=\"\" value=\"\" size=\"50\" name=\"password\" \/><\/td>\n            <\/tr>\n            <tr class=\"swpm-registration-password-retype-row\">\n                <td><label for=\"password_re\">Repetir contrase\u00f1a<\/label><\/td>\n                <td><input type=\"password\" autocomplete=\"off\" id=\"password_re\" value=\"\" size=\"50\" name=\"password_re\" \/><\/td>\n            <\/tr>\n            <tr class=\"swpm-registration-firstname-row\" >\n                <td><label for=\"first_name\">Nombre<\/label><\/td>\n                <td><input type=\"text\" id=\"first_name\" value=\"\" size=\"50\" name=\"first_name\" \/><\/td>\n            <\/tr>\n            <tr class=\"swpm-registration-lastname-row\" >\n                <td><label for=\"last_name\">Apellidos<\/label><\/td>\n                <td><input type=\"text\" id=\"last_name\" value=\"\" size=\"50\" name=\"last_name\" \/><\/td>\n            <\/tr>\n            <tr\n                class=\"swpm-registration-membership-level-row\"\n                                style=\"\"\n            >\n                <td><label for=\"membership_level\">Nivel de membres\u00eda<\/label><\/td>\n                <td>\n                    Gratuito<input type=\"hidden\" value=\"5\" size=\"50\" name=\"swpm_membership_level\" id=\"membership_level\" \/><input type=\"hidden\" name=\"swpm_level_hash\" value=\"eb43a665c805a8d23169e369eb6e1c79\" \/>                <\/td>\n            <\/tr>\n                    <\/table>\n\n        <div class=\"swpm-before-registration-submit-section\" align=\"center\"><\/div>\n\n        <div class=\"swpm-registration-submit-section\" align=\"center\">\n            <input type=\"submit\" value=\"Registrarse\" class=\"swpm-registration-submit\" name=\"swpm_registration_submit\" \/>\n        <\/div>\n\n        <input type=\"hidden\" name=\"action\" value=\"custom_posts\" \/>\n\n    <\/form>\n<\/div>\n\n","protected":false},"excerpt":{"rendered":"Nombre de usuario Correo electr\u00f3nico Contrase\u00f1a Repetir contrase\u00f1a Nombre Apellidos Nivel de membres\u00eda Gratuito","protected":false},"author":2,"featured_media":10008,"parent":0,"menu_order":0,"comment_status":"closed","ping_status":"closed","template":"","meta":{"_vp_format_video_url":"","_vp_image_focal_point":[],"footnotes":""},"class_list":["post-10118","page","type-page","status-publish","has-post-thumbnail","hentry"],"_links":{"self":[{"href":"https:\/\/ecologicamagazine.ec\/sitio\/wp-json\/wp\/v2\/pages\/10118","targetHints":{"allow":["GET"]}}],"collection":[{"href":"https:\/\/ecologicamagazine.ec\/sitio\/wp-json\/wp\/v2\/pages"}],"about":[{"href":"https:\/\/ecologicamagazine.ec\/sitio\/wp-json\/wp\/v2\/types\/page"}],"author":[{"embeddable":true,"href":"https:\/\/ecologicamagazine.ec\/sitio\/wp-json\/wp\/v2\/users\/2"}],"replies":[{"embeddable":true,"href":"https:\/\/ecologicamagazine.ec\/sitio\/wp-json\/wp\/v2\/comments?post=10118"}],"version-history":[{"count":1,"href":"https:\/\/ecologicamagazine.ec\/sitio\/wp-json\/wp\/v2\/pages\/10118\/revisions"}],"predecessor-version":[{"id":10128,"href":"https:\/\/ecologicamagazine.ec\/sitio\/wp-json\/wp\/v2\/pages\/10118\/revisions\/10128"}],"wp:featuredmedia":[{"embeddable":true,"href":"https:\/\/ecologicamagazine.ec\/sitio\/wp-json\/wp\/v2\/media\/10008"}],"wp:attachment":[{"href":"https:\/\/ecologicamagazine.ec\/sitio\/wp-json\/wp\/v2\/media?parent=10118"}],"curies":[{"name":"wp","href":"https:\/\/api.w.org\/{rel}","templated":true}]}}