{"id":49,"date":"2015-11-17T12:56:50","date_gmt":"2015-11-17T12:56:50","guid":{"rendered":"https:\/\/8theme.com\/import\/lifestyle\/?page_id=49"},"modified":"2026-01-14T21:01:22","modified_gmt":"2026-01-15T02:01:22","slug":"contact-us-custom","status":"publish","type":"page","link":"https:\/\/ecologicamagazine.ec\/sitio\/contact-us-custom\/","title":{"rendered":"CONTACTENOS"},"content":{"rendered":"<div class=\"wpb-content-wrapper\"><p>[vc_row bg_type=\u00bbno_bg\u00bb css=\u00bb.vc_custom_1427737573803{margin-top: 30px !important;}\u00bb][vc_column width=\u00bb1\/2&#8243;][vc_single_image image=\u00bb9147&#8243; img_size=\u00bblarge\u00bb][vc_column_text]<\/p>\n<h2 style=\"font-size: 24px; color: #3d3d3d; line-height: 28px; font-weight: 400;\">Ser\u00e1 un gusto escuchar cualquier inquietud existente.<\/h2>\n<p>Cont\u00e1ctenos por medio del presente formulario.<\/p>\n<p>O tambi\u00e9n a trav\u00e9s de <span style=\"color: #339966;\"><a style=\"color: #339966;\" href=\"https:\/\/wa.me\/593963164489\" target=\"_blank\" rel=\"noopener noreferrer\">WhatsApp<\/a>.<\/span>[\/vc_column_text][\/vc_column][vc_column width=\u00bb1\/2&#8243;]\n<div class=\"wpcf7 no-js\" id=\"wpcf7-f5-o1\" lang=\"en-US\" dir=\"ltr\" data-wpcf7-id=\"5\">\n<div class=\"screen-reader-response\"><p role=\"status\" aria-live=\"polite\" aria-atomic=\"true\"><\/p> <ul><\/ul><\/div>\n<form action=\"\/sitio\/wp-json\/wp\/v2\/pages\/49#wpcf7-f5-o1\" method=\"post\" class=\"wpcf7-form init\" aria-label=\"Contact form\" novalidate=\"novalidate\" data-status=\"init\">\n<fieldset class=\"hidden-fields-container\"><input type=\"hidden\" name=\"_wpcf7\" value=\"5\" \/><input type=\"hidden\" name=\"_wpcf7_version\" value=\"6.1.5\" \/><input type=\"hidden\" name=\"_wpcf7_locale\" value=\"en_US\" \/><input type=\"hidden\" name=\"_wpcf7_unit_tag\" value=\"wpcf7-f5-o1\" \/><input type=\"hidden\" name=\"_wpcf7_container_post\" value=\"0\" \/><input type=\"hidden\" name=\"_wpcf7_posted_data_hash\" value=\"\" \/><input type=\"hidden\" name=\"_wpcf7_recaptcha_response\" value=\"\" \/>\n<\/fieldset>\n<p><span class=\"wpcf7-form-control-wrap\" data-name=\"Nombre\"><input size=\"40\" maxlength=\"400\" class=\"wpcf7-form-control wpcf7-text wpcf7-validates-as-required nombre-clase\" id=\"atributo-id\" aria-required=\"true\" aria-invalid=\"false\" placeholder=\"Ingrese aqu\u00ed su Nombre y Apellido\" value=\"\" type=\"text\" name=\"Nombre\" \/><\/span><br \/>\n<span class=\"wpcf7-form-control-wrap\" data-name=\"E-mail\"><input size=\"40\" maxlength=\"400\" class=\"wpcf7-form-control wpcf7-email wpcf7-validates-as-required wpcf7-text wpcf7-validates-as-email nombre-clase\" aria-required=\"true\" aria-invalid=\"false\" placeholder=\"Ingrese aqu\u00ed su correo electr\u00f3nico\" value=\"\" type=\"email\" name=\"E-mail\" \/><\/span><br \/>\n<span class=\"wpcf7-form-control-wrap\" data-name=\"Asunto\"><input size=\"40\" maxlength=\"400\" class=\"wpcf7-form-control wpcf7-text wpcf7-validates-as-required nombre-clase\" aria-required=\"true\" aria-invalid=\"false\" placeholder=\"Asunto\" value=\"\" type=\"text\" name=\"Asunto\" \/><\/span><br \/>\n<span class=\"wpcf7-form-control-wrap\" data-name=\"Texto\"><input size=\"40\" maxlength=\"400\" class=\"wpcf7-form-control wpcf7-text wpcf7-validates-as-required nombre-clase\" aria-required=\"true\" aria-invalid=\"false\" placeholder=\"Desarrolle aqu\u00ed su mensaje\" value=\"\" type=\"text\" name=\"Texto\" \/><\/span>\n<\/p>\n<p><input class=\"wpcf7-form-control wpcf7-submit has-spinner\" type=\"submit\" value=\"Enviar\" \/>\n<\/p><p style=\"display: none !important;\" class=\"akismet-fields-container\" data-prefix=\"_wpcf7_ak_\"><label>&#916;<textarea name=\"_wpcf7_ak_hp_textarea\" cols=\"45\" rows=\"8\" maxlength=\"100\"><\/textarea><\/label><input type=\"hidden\" id=\"ak_js_1\" name=\"_wpcf7_ak_js\" value=\"135\"\/><script>document.getElementById( \"ak_js_1\" ).setAttribute( \"value\", ( new Date() ).getTime() );<\/script><\/p><div class=\"wpcf7-response-output\" aria-hidden=\"true\"><\/div>\n<\/form>\n<\/div>\n[\/vc_column][\/vc_row][vc_column width=\u00bb1\/3&#8243;][vc_column_text]<br \/>\n[\/vc_column_text][\/vc_column]<\/p>\n<\/div>","protected":false},"excerpt":{"rendered":"<p>[vc_row bg_type=\u00bbno_bg\u00bb css=\u00bb.vc_custom_1427737573803{margin-top: 30px !important;}\u00bb][vc_column width=\u00bb1\/2&#8243;][vc_single_image image=\u00bb9147&#8243; img_size=\u00bblarge\u00bb][vc_column_text] Ser\u00e1 un gusto escuchar cualquier inquietud existente. Cont\u00e1ctenos por medio del presente formulario. O tambi\u00e9n a trav\u00e9s de WhatsApp.[\/vc_column_text][\/vc_column][vc_column width=\u00bb1\/2&#8243;][\/vc_column][\/vc_row][vc_column width=\u00bb1\/3&#8243;][vc_column_text] [\/vc_column_text][\/vc_column]<\/p>\n","protected":false},"author":557,"featured_media":0,"parent":0,"menu_order":0,"comment_status":"closed","ping_status":"closed","template":"","meta":{"_vp_format_video_url":"","_vp_image_focal_point":[],"footnotes":""},"class_list":["post-49","page","type-page","status-publish","hentry"],"_links":{"self":[{"href":"https:\/\/ecologicamagazine.ec\/sitio\/wp-json\/wp\/v2\/pages\/49","targetHints":{"allow":["GET"]}}],"collection":[{"href":"https:\/\/ecologicamagazine.ec\/sitio\/wp-json\/wp\/v2\/pages"}],"about":[{"href":"https:\/\/ecologicamagazine.ec\/sitio\/wp-json\/wp\/v2\/types\/page"}],"author":[{"embeddable":true,"href":"https:\/\/ecologicamagazine.ec\/sitio\/wp-json\/wp\/v2\/users\/557"}],"replies":[{"embeddable":true,"href":"https:\/\/ecologicamagazine.ec\/sitio\/wp-json\/wp\/v2\/comments?post=49"}],"version-history":[{"count":17,"href":"https:\/\/ecologicamagazine.ec\/sitio\/wp-json\/wp\/v2\/pages\/49\/revisions"}],"predecessor-version":[{"id":10206,"href":"https:\/\/ecologicamagazine.ec\/sitio\/wp-json\/wp\/v2\/pages\/49\/revisions\/10206"}],"wp:attachment":[{"href":"https:\/\/ecologicamagazine.ec\/sitio\/wp-json\/wp\/v2\/media?parent=49"}],"curies":[{"name":"wp","href":"https:\/\/api.w.org\/{rel}","templated":true}]}}